{"id":2272,"date":"2020-10-09T02:31:03","date_gmt":"2020-10-09T00:31:03","guid":{"rendered":"http:\/\/ccvarabat.demojupiter.xyz\/?page_id=2272"},"modified":"2024-05-07T19:18:08","modified_gmt":"2024-05-07T17:18:08","slug":"hospitalisation-confort","status":"publish","type":"page","link":"https:\/\/ccva.ma\/ar\/hospitalisation-confort\/","title":{"rendered":"Hospitalisation &#038; Confort"},"content":{"rendered":"<section class=\"vc_row wpb_row vc_row-fluid\">\n\t\t<div class=\"row\">\n            <div class=\"wpb_column vc_column_container col-sm-12\">\n                <div class=\"wpb_wrapper\">\n\n\t<div class=\"wpb_text_column wpb_content_element\" >\n\t\t<div class=\"wpb_wrapper\">\n\t\t\t<p style=\"text-align: center;\">\u062a\u0645\u062a\u062f \u0643\u0644 \u0631\u0639\u0627\u064a\u0629 \u0641\u0631\u064a\u0642\u0646\u0627 \u0625\u0644\u0649 \u062c\u0648\u062f\u0629 \u0639\u0644\u0627\u062c\u0643 \u0641\u064a \u0627\u0644\u0645\u0633\u062a\u0634\u0641\u0649 \u0648\u0631\u0641\u0627\u0647\u064a\u062a\u0643 \u0648\u0631\u0627\u062d\u062a\u0643. \u0628\u0639\u062f \u0641\u062a\u0631\u0629 \u0627\u0644\u0625\u0646\u0639\u0627\u0634\u060c \u064a\u062a\u0645 \u0627\u0644\u0646\u0642\u0644 \u0625\u0644\u0649 \u063a\u0631\u0641\u0629 (\u0641\u0631\u062f\u064a\u0629\u060c \u062c\u0646\u0627\u062d \u0635\u063a\u064a\u0631\u060c \u062c\u0646\u0627\u062d) \u0641\u064a \u0628\u064a\u0626\u0629 \u0645\u0646\u0627\u0633\u0628\u0629 \u0644\u0644\u0646\u0642\u0627\u0647\u0629 \u0648\u0627\u0644\u0645\u0631\u0627\u0642\u0628\u0629 \u0627\u0644\u0645\u0633\u062a\u0645\u0631\u0629.<\/p>\n<p style=\"text-align: center;\">\u0625\u0645\u0643\u0627\u0646\u064a\u0629 \u0648\u062c\u0648\u062f \u0645\u0631\u0627\u0641\u0642 \u0641\u064a \u0627\u0644\u063a\u0631\u0641\u0629 \u064a\u062c\u0639\u0644 \u0645\u0646 \u0627\u0644\u0645\u0645\u0643\u0646 \u0627\u0644\u062d\u0641\u0627\u0638 \u0639\u0644\u0649 \u0648\u062c\u0648\u062f \u0639\u0627\u0626\u0644\u064a<\/p>\n\n\t\t<\/div>\n\t<\/div>\n\n<div class=\"vc_grid-container-wrapper vc_clearfix\">\n\t<div class=\"vc_grid-container vc_clearfix wpb_content_element vc_media_grid\" data-initial-loading-animation=\"fadeIn\" data-vc-grid-settings=\"{&quot;page_id&quot;:2272,&quot;style&quot;:&quot;all&quot;,&quot;action&quot;:&quot;vc_get_vc_grid_data&quot;,&quot;shortcode_id&quot;:&quot;1715102171897-32391510-ebb7-5&quot;,&quot;tag&quot;:&quot;vc_media_grid&quot;}\" data-vc-request=\"https:\/\/ccva.ma\/wp-admin\/admin-ajax.php\" data-vc-post-id=\"2272\" data-vc-public-nonce=\"3f6cce82fe\">\n\t\t\n\t<\/div>\n<\/div>\n                <\/div>\n            <\/div>\n\t\t<\/div>\n<\/section>\n\n\n<section class=\"vc_row wpb_row vc_row-fluid\">\n\t\t<div class=\"row\">\n            <div class=\"wpb_column vc_column_container col-sm-12\">\n                <div class=\"wpb_wrapper\">\n\n\t<div  class=\"wpb_single_image wpb_content_element vc_align_center\">\n\t\t\n\t\t<figure class=\"wpb_wrapper vc_figure\">\n\t\t\t<div class=\"vc_single_image-wrapper   vc_box_border_grey\"><img width=\"680\" height=\"443\" src=\"https:\/\/ccva.ma\/wp-content\/uploads\/2024\/05\/2022-12-26.png\" class=\"vc_single_image-img attachment-full\" alt=\"\" decoding=\"async\" loading=\"lazy\" srcset=\"https:\/\/ccva.ma\/wp-content\/uploads\/2024\/05\/2022-12-26.png 680w, https:\/\/ccva.ma\/wp-content\/uploads\/2024\/05\/2022-12-26-300x195.png 300w, https:\/\/ccva.ma\/wp-content\/uploads\/2024\/05\/2022-12-26-18x12.png 18w\" sizes=\"(max-width: 680px) 100vw, 680px\" \/><\/div>\n\t\t<\/figure>\n\t<\/div>\n\n                <\/div>\n            <\/div>\n\t\t<\/div>\n<\/section>","protected":false},"excerpt":{"rendered":"Tout le soin de notre \u00e9quipe s\u2019\u00e9tend \u00e0 la qualit\u00e9 de votre hospitalisation, votre bien \u00eatre et votre confort. Apr\u00e8s la p\u00e9riode de r\u00e9animation, le transfert en chambre (simple, mini-suite, suite) se fait dans un environnement propice \u00e0 votre convalescence et votre surveillance continue. La possibilit\u00e9 de pr\u00e9sence d\u2019un accompagnant en chambre permet de maintenir [...]","protected":false},"author":1,"featured_media":2274,"parent":0,"menu_order":0,"comment_status":"closed","ping_status":"closed","template":"","meta":[],"yoast_head":"<!-- This site is optimized with the Yoast SEO plugin v19.13 - https:\/\/yoast.com\/wordpress\/plugins\/seo\/ -->\n<title>Hospitalisation &amp; Confort - Clinique de Chirurgie Cardio-Vasculaire Agdal<\/title>\n<meta name=\"robots\" content=\"index, follow, max-snippet:-1, max-image-preview:large, max-video-preview:-1\" \/>\n<link rel=\"canonical\" href=\"https:\/\/ccva.ma\/ar\/hospitalisation-confort\/\" \/>\n<meta property=\"og:locale\" content=\"en_US\" \/>\n<meta property=\"og:type\" content=\"article\" \/>\n<meta property=\"og:title\" content=\"Hospitalisation &amp; Confort - Clinique de Chirurgie Cardio-Vasculaire Agdal\" \/>\n<meta property=\"og:url\" content=\"https:\/\/ccva.ma\/ar\/hospitalisation-confort\/\" \/>\n<meta property=\"og:site_name\" content=\"Clinique de Chirurgie Cardio-Vasculaire Agdal\" \/>\n<meta property=\"article:publisher\" content=\"https:\/\/www.facebook.com\/CCVARabat\" \/>\n<meta property=\"article:modified_time\" content=\"2024-05-07T17:18:08+00:00\" \/>\n<meta property=\"og:image\" content=\"https:\/\/ccva.ma\/wp-content\/uploads\/2020\/10\/ccvach1.jpg\" \/>\n\t<meta property=\"og:image:width\" content=\"600\" \/>\n\t<meta property=\"og:image:height\" content=\"402\" \/>\n\t<meta property=\"og:image:type\" content=\"image\/jpeg\" \/>\n<meta name=\"twitter:card\" content=\"summary_large_image\" \/>\n<meta name=\"twitter:label1\" content=\"Est. reading time\" \/>\n\t<meta name=\"twitter:data1\" content=\"1 minute\" \/>\n<script type=\"application\/ld+json\" class=\"yoast-schema-graph\">{\"@context\":\"https:\/\/schema.org\",\"@graph\":[{\"@type\":\"WebPage\",\"@id\":\"https:\/\/ccva.ma\/fr\/hospitalisation-confort\/\",\"url\":\"https:\/\/ccva.ma\/fr\/hospitalisation-confort\/\",\"name\":\"Hospitalisation & Confort - Clinique de Chirurgie Cardio-Vasculaire Agdal\",\"isPartOf\":{\"@id\":\"https:\/\/ccva.ma\/fr\/#website\"},\"datePublished\":\"2020-10-09T00:31:03+00:00\",\"dateModified\":\"2024-05-07T17:18:08+00:00\",\"breadcrumb\":{\"@id\":\"https:\/\/ccva.ma\/fr\/hospitalisation-confort\/#breadcrumb\"},\"inLanguage\":\"en-US\",\"potentialAction\":[{\"@type\":\"ReadAction\",\"target\":[\"https:\/\/ccva.ma\/fr\/hospitalisation-confort\/\"]}]},{\"@type\":\"BreadcrumbList\",\"@id\":\"https:\/\/ccva.ma\/fr\/hospitalisation-confort\/#breadcrumb\",\"itemListElement\":[{\"@type\":\"ListItem\",\"position\":1,\"name\":\"Accueil\",\"item\":\"https:\/\/ccva.ma\/fr\/\"},{\"@type\":\"ListItem\",\"position\":2,\"name\":\"Hospitalisation &#038; Confort\"}]},{\"@type\":\"WebSite\",\"@id\":\"https:\/\/ccva.ma\/fr\/#website\",\"url\":\"https:\/\/ccva.ma\/fr\/\",\"name\":\"Clinique de Chirurgie Cardio-Vasculaire Agdal\",\"description\":\"CCVA\",\"publisher\":{\"@id\":\"https:\/\/ccva.ma\/fr\/#organization\"},\"potentialAction\":[{\"@type\":\"SearchAction\",\"target\":{\"@type\":\"EntryPoint\",\"urlTemplate\":\"https:\/\/ccva.ma\/fr\/?s={search_term_string}\"},\"query-input\":\"required name=search_term_string\"}],\"inLanguage\":\"en-US\"},{\"@type\":\"Organization\",\"@id\":\"https:\/\/ccva.ma\/fr\/#organization\",\"name\":\"Clinique de Chirurgie Cardio-Vasculaire Agdal\",\"url\":\"https:\/\/ccva.ma\/fr\/\",\"logo\":{\"@type\":\"ImageObject\",\"inLanguage\":\"en-US\",\"@id\":\"https:\/\/ccva.ma\/fr\/#\/schema\/logo\/image\/\",\"url\":\"https:\/\/ccva.ma\/wp-content\/uploads\/2023\/02\/Logo-Carre.jpg\",\"contentUrl\":\"https:\/\/ccva.ma\/wp-content\/uploads\/2023\/02\/Logo-Carre.jpg\",\"width\":1080,\"height\":1080,\"caption\":\"Clinique de Chirurgie Cardio-Vasculaire Agdal\"},\"image\":{\"@id\":\"https:\/\/ccva.ma\/fr\/#\/schema\/logo\/image\/\"},\"sameAs\":[\"https:\/\/www.facebook.com\/CCVARabat\"]}]}<\/script>\n<!-- \/ Yoast SEO plugin. -->","yoast_head_json":{"title":"Hospitalisation & Confort - Clinique de Chirurgie Cardio-Vasculaire Agdal","robots":{"index":"index","follow":"follow","max-snippet":"max-snippet:-1","max-image-preview":"max-image-preview:large","max-video-preview":"max-video-preview:-1"},"canonical":"https:\/\/ccva.ma\/ar\/hospitalisation-confort\/","og_locale":"en_US","og_type":"article","og_title":"Hospitalisation & Confort - Clinique de Chirurgie Cardio-Vasculaire Agdal","og_url":"https:\/\/ccva.ma\/ar\/hospitalisation-confort\/","og_site_name":"Clinique de Chirurgie Cardio-Vasculaire Agdal","article_publisher":"https:\/\/www.facebook.com\/CCVARabat","article_modified_time":"2024-05-07T17:18:08+00:00","og_image":[{"width":600,"height":402,"url":"https:\/\/ccva.ma\/wp-content\/uploads\/2020\/10\/ccvach1.jpg","type":"image\/jpeg"}],"twitter_card":"summary_large_image","twitter_misc":{"Est. reading time":"1 minute"},"schema":{"@context":"https:\/\/schema.org","@graph":[{"@type":"WebPage","@id":"https:\/\/ccva.ma\/fr\/hospitalisation-confort\/","url":"https:\/\/ccva.ma\/fr\/hospitalisation-confort\/","name":"Hospitalisation & Confort - Clinique de Chirurgie Cardio-Vasculaire Agdal","isPartOf":{"@id":"https:\/\/ccva.ma\/fr\/#website"},"datePublished":"2020-10-09T00:31:03+00:00","dateModified":"2024-05-07T17:18:08+00:00","breadcrumb":{"@id":"https:\/\/ccva.ma\/fr\/hospitalisation-confort\/#breadcrumb"},"inLanguage":"en-US","potentialAction":[{"@type":"ReadAction","target":["https:\/\/ccva.ma\/fr\/hospitalisation-confort\/"]}]},{"@type":"BreadcrumbList","@id":"https:\/\/ccva.ma\/fr\/hospitalisation-confort\/#breadcrumb","itemListElement":[{"@type":"ListItem","position":1,"name":"Accueil","item":"https:\/\/ccva.ma\/fr\/"},{"@type":"ListItem","position":2,"name":"Hospitalisation &#038; Confort"}]},{"@type":"WebSite","@id":"https:\/\/ccva.ma\/fr\/#website","url":"https:\/\/ccva.ma\/fr\/","name":"Clinique de Chirurgie Cardio-Vasculaire Agdal","description":"CCVA","publisher":{"@id":"https:\/\/ccva.ma\/fr\/#organization"},"potentialAction":[{"@type":"SearchAction","target":{"@type":"EntryPoint","urlTemplate":"https:\/\/ccva.ma\/fr\/?s={search_term_string}"},"query-input":"required name=search_term_string"}],"inLanguage":"en-US"},{"@type":"Organization","@id":"https:\/\/ccva.ma\/fr\/#organization","name":"Clinique de Chirurgie Cardio-Vasculaire Agdal","url":"https:\/\/ccva.ma\/fr\/","logo":{"@type":"ImageObject","inLanguage":"en-US","@id":"https:\/\/ccva.ma\/fr\/#\/schema\/logo\/image\/","url":"https:\/\/ccva.ma\/wp-content\/uploads\/2023\/02\/Logo-Carre.jpg","contentUrl":"https:\/\/ccva.ma\/wp-content\/uploads\/2023\/02\/Logo-Carre.jpg","width":1080,"height":1080,"caption":"Clinique de Chirurgie Cardio-Vasculaire Agdal"},"image":{"@id":"https:\/\/ccva.ma\/fr\/#\/schema\/logo\/image\/"},"sameAs":["https:\/\/www.facebook.com\/CCVARabat"]}]}},"_links":{"self":[{"href":"https:\/\/ccva.ma\/ar\/wp-json\/wp\/v2\/pages\/2272"}],"collection":[{"href":"https:\/\/ccva.ma\/ar\/wp-json\/wp\/v2\/pages"}],"about":[{"href":"https:\/\/ccva.ma\/ar\/wp-json\/wp\/v2\/types\/page"}],"author":[{"embeddable":true,"href":"https:\/\/ccva.ma\/ar\/wp-json\/wp\/v2\/users\/1"}],"replies":[{"embeddable":true,"href":"https:\/\/ccva.ma\/ar\/wp-json\/wp\/v2\/comments?post=2272"}],"version-history":[{"count":7,"href":"https:\/\/ccva.ma\/ar\/wp-json\/wp\/v2\/pages\/2272\/revisions"}],"predecessor-version":[{"id":3007,"href":"https:\/\/ccva.ma\/ar\/wp-json\/wp\/v2\/pages\/2272\/revisions\/3007"}],"wp:featuredmedia":[{"embeddable":true,"href":"https:\/\/ccva.ma\/ar\/wp-json\/wp\/v2\/media\/2274"}],"wp:attachment":[{"href":"https:\/\/ccva.ma\/ar\/wp-json\/wp\/v2\/media?parent=2272"}],"curies":[{"name":"wp","href":"https:\/\/api.w.org\/{rel}","templated":true}]}}