{"id":166,"date":"2015-09-28T17:04:12","date_gmt":"2015-09-28T15:04:12","guid":{"rendered":"http:\/\/plethorathemes.com\/healthx\/?page_id=166"},"modified":"2024-05-07T18:53:43","modified_gmt":"2024-05-07T16:53:43","slug":"a-propos-la-clinique-de-chirurgie-cardio-vasculaire-dagdal","status":"publish","type":"page","link":"https:\/\/ccva.ma\/fr\/a-propos-la-clinique-de-chirurgie-cardio-vasculaire-dagdal\/","title":{"rendered":"A propos"},"content":{"rendered":"<section class=\"vc_row wpb_row vc_row-fluid\">\n\t\t<div class=\"row\">\n            <div class=\"wpb_column vc_column_container col-sm-12 col-md-6 margin_bottom_grid\">\n                <div class=\"wpb_wrapper\">\n\n\t<div class=\"wpb_text_column wpb_content_element \" >\n\t\t<div class=\"wpb_wrapper\">\n\t\t\t<p style=\"text-align: center;\">La clinique de Chirurgie Cardio \u2013 Vasculaire de l\u2019Agdal a \u00e9t\u00e9 fond\u00e9e en 2005 par un groupe de chirurgiens et de r\u00e9animateurs dont deux anciens professeurs \u00e0 la facult\u00e9 de m\u00e9decine et de pharmacie de Rabat, apr\u00e8s\u00a0une longue exp\u00e9rience de la chirurgie cardiaque \u00e0 l\u2019h\u00f4pital IBN SINA de Rabat.<\/p>\n\n\t\t<\/div>\n\t<\/div>\n<div class=\"vc_separator wpb_content_element vc_separator_align_center vc_sep_width_100 vc_sep_pos_align_center vc_sep_color_grey vc_separator-has-text\" ><span class=\"vc_sep_holder vc_sep_holder_l\"><span  class=\"vc_sep_line\"><\/span><\/span><h4>NOTRE M\u00c9TIER<\/h4><span class=\"vc_sep_holder vc_sep_holder_r\"><span  class=\"vc_sep_line\"><\/span><\/span>\n<\/div>\n\t<div class=\"wpb_text_column wpb_content_element \" >\n\t\t<div class=\"wpb_wrapper\">\n\t\t\t<p style=\"text-align: center;\">La Clinique de Chirurgie Cardio-Vasculaire de l\u2019Agdal s\u2019est \u00e9galement positionn\u00e9e comme pionni\u00e8re sur des th\u00e9rapeutiques novatrices comme le TAVI (remplacement valvulaire aortique transcath\u00e9ter) et les endoproth\u00e8ses aortiques.<\/p>\n<p style=\"text-align: center;\">Au-del\u00e0 de l\u2019innovation et de l\u2019excellent technique, la structure et ses \u00e9quipes attachent une importance fondamentale \u00e0 la relation humaine et au soin personnalis\u00e9.<\/p>\n<p style=\"text-align: center;\">La Clinique de Chirurgie Cardio \u2013 vasculaire de l\u2019Agdal assure \u00e9galement la r\u00e9ception des urgences cardio \u2013 vasculaires chirurgicales et en particulier de la dissection de l\u2019aorte 24h\/24h apr\u00e8s contact t\u00e9l\u00e9phonique avec l\u2019\u00e9quipe m\u00e9dicale. A cette \u00e9quipe m\u00e9dicale s\u2019ajoute un personnel param\u00e9dical tri\u00e9 sur le volet et qui allie comp\u00e9tence, abn\u00e9gation et avant tout un contact humain et bienveillant.<\/p>\n\n\t\t<\/div>\n\t<\/div>\n\n                <\/div>\n            <\/div>\n            <div class=\"wpb_column vc_column_container col-sm-12 col-md-6\">\n                <div class=\"wpb_wrapper\">\n\n\t<div  class=\"wpb_single_image wpb_content_element vc_align_left\">\n\t\t\n\t\t<figure class=\"wpb_wrapper vc_figure\">\n\t\t\t<a data-rel=\"prettyPhoto[rel-166-3822144506]\" href=\"https:\/\/ccva.ma\/wp-content\/uploads\/2020\/09\/Clinicagdal.jpg\" target=\"_self\" class=\"vc_single_image-wrapper vc_box_shadow_border  vc_box_border_grey prettyphoto\"><img width=\"572\" height=\"383\" src=\"https:\/\/ccva.ma\/wp-content\/uploads\/2020\/09\/Clinicagdal.jpg\" class=\"vc_single_image-img attachment-full\" alt=\"\" decoding=\"async\" loading=\"lazy\" srcset=\"https:\/\/ccva.ma\/wp-content\/uploads\/2020\/09\/Clinicagdal.jpg 572w, https:\/\/ccva.ma\/wp-content\/uploads\/2020\/09\/Clinicagdal-300x201.jpg 300w, https:\/\/ccva.ma\/wp-content\/uploads\/2020\/09\/Clinicagdal-20x13.jpg 20w\" sizes=\"(max-width: 572px) 100vw, 572px\" \/><\/a>\n\t\t<\/figure>\n\t<\/div>\n\n                <\/div>\n            <\/div>\n            <div class=\"wpb_column vc_column_container col-sm-12 white_section text-left\">\n                <div class=\"wpb_wrapper\">\n<div class=\"vc_empty_space\"   style=\"height: 32px\"><span class=\"vc_empty_space_inner\"><\/span><\/div>\n\t<div class=\"wpb_text_column wpb_content_element  text-center\" >\n\t\t<div class=\"wpb_wrapper\">\n\t\t\t<p><img decoding=\"async\" loading=\"lazy\" class=\"aligncenter wp-image-2213\" src=\"http:\/\/ccva.ma\/wp-content\/uploads\/2020\/10\/ministere-sante\u0301.jpg\" alt=\"\" width=\"130\" height=\"161\" srcset=\"https:\/\/ccva.ma\/wp-content\/uploads\/2020\/10\/ministere-sante\u0301.jpg 197w, https:\/\/ccva.ma\/wp-content\/uploads\/2020\/10\/ministere-sante\u0301-16x20.jpg 16w\" sizes=\"(max-width: 130px) 100vw, 130px\" \/><\/p>\n\n\t\t<\/div>\n\t<\/div>\n<div class=\"vc_empty_space\"   style=\"height: 0px\"><span class=\"vc_empty_space_inner\"><\/span><\/div>\n                <\/div>\n            <\/div>\n\t\t<\/div>\n<\/section>\n\n\n<section id=\"facilities\" class=\"vc_row wpb_row vc_row-fluid light_section separator_bottom sep_angled_positive_bottom\">\n\t\t<div class=\"row\">\n            <div class=\"wpb_column vc_column_container col-sm-12 text-center\">\n                <div class=\"wpb_wrapper\">\n<div class=\"section_header subtitle_bottom   fancy text-center\">\r\n\r\n    <h2 style=\"text-align: center;\">SAVOIR FAIRE<\/h2>\n\r\n\r\n        <p >L\u2019excellence au service de votre sant\u00e9<\/p>\r\n<\/div>\n                <\/div>\n            <\/div>\n            <div class=\"wpb_column vc_column_container col-sm-12 col-md-6\">\n                <div class=\"wpb_wrapper\">\n\n\t<div class=\"wpb_text_column wpb_content_element \" >\n\t\t<div class=\"wpb_wrapper\">\n\t\t\t<p style=\"text-align: center;\">Forte d\u2019une exp\u00e9rience de milliers d\u2019interventions chirurgicales \u00e0 c\u0153ur ouvert, notre \u00e9quipe prend en charge l\u2019ensemble de la pathologie cardio-vasculaire de l\u2019adulte. Notre \u00e9quipe s\u2019est notamment sp\u00e9cialis\u00e9e dans les pontages coronaires tout-art\u00e9riels (sans utiliser les veines de la jambe), la plastie mitrale (r\u00e9paration de la valve mitrale) et la chirurgie de l\u2019aorte, de la racine \u00e0 la crosse. Cette expertise s\u2019est notamment \u00e9tendue aux proc\u00e9dures mini-invasives et endovasculaires comme le TAVI et les endoproth\u00e8ses aortiques.<\/p>\n<p style=\"text-align: center;\">Pour r\u00e9aliser ces interventions, la clinique s\u2019est dot\u00e9e d\u2019un \u00e9quipement de pointe tel que le traitement de l\u2019air au bloc op\u00e9ratoire en flux laminaire \u00e0 pression positive, l\u2019assistance cardiaque de type ECMO et ballon de contre-pulsion intra-aortique, l\u2019ETO perop\u00e9ratoire, une pompe de CEC de derni\u00e8re g\u00e9n\u00e9ration\u2026<\/p>\n<p style=\"text-align: center;\">La r\u00e9animation, volet fondamental de toute prise en charge cardio-vasculaire, b\u00e9n\u00e9ficie \u00e9galement d\u2019un \u00e9quipement de pointe au service d\u2019une surveillance et d\u2019un suivi de chaque instant\u00a0: console de monitorage centralis\u00e9e, respirateurs de derni\u00e8re g\u00e9n\u00e9ration, monoxyde d\u2019azote, appareil d\u2019h\u00e9modialyse\u2026<\/p>\n<p style=\"text-align: center;\">La Clinique de Chirurgie Cardio Vasculaire de l\u2019Agdal travaille en \u00e9troite collaboration avec un grand nombre de cardiologues chevronn\u00e9s : cliniciens, \u00e9chocardiographistes, cardiologues interventionnels et rythmologues.<\/p>\n\n\t\t<\/div>\n\t<\/div>\n\n\t<div class=\"wpb_text_column wpb_content_element \" >\n\t\t<div class=\"wpb_wrapper\">\n\t\t\t<p style=\"text-align: center;\">Enfin, notre structure, est situ\u00e9e au sein de la clinique multidisciplinaire AGDAL, regroupant l\u2019ensemble des sp\u00e9cialit\u00e9s m\u00e9dicales et chirurgicales : radiologie, endocrinologie, n\u00e9phrologie, gyn\u00e9cologie\u2026 et d\u2019un plateau technique complet.<\/p>\n\n\t\t<\/div>\n\t<\/div>\n\n                <\/div>\n            <\/div>\n            <div class=\"wpb_column vc_column_container col-sm-12 col-md-6 margin_bottom_grid\">\n                <div class=\"wpb_wrapper\">\n<div class=\"pl_fixed_ratio_media  \">\r\n    <div class=\"stretchy_wrapper ratio_1-1   bg_vcenter\" style=\"background-image: url('https:\/\/ccva.ma\/wp-content\/uploads\/2024\/05\/Design-sans-titre-6.jpg');\">\r\n      <img alt=\"\" src=\"https:\/\/ccva.ma\/wp-content\/uploads\/2024\/05\/Design-sans-titre-6.jpg\">\r\n    <\/div>\r\n\r\n<\/div>\n                <\/div>\n            <\/div>\n\t\t<\/div>\n<\/section>\n\n\n<section style=\"background-image: url('https:\/\/ccva.ma\/wp-content\/uploads\/2024\/05\/Design-sans-titre-3.jpg')\" class=\"vc_row wpb_row vc_row-fluid secondary_section transparent_film vcenter bgimage bg_vcenter\">\n\t\t<div class=\"row\">\n            <div class=\"wpb_column vc_column_container col-sm-12\">\n                <div class=\"wpb_wrapper\">\n<div class=\"section_header subtitle_bottom   fancy text-center\">\r\n\r\n    <h2 style=\"text-align: center;\">NOUS AVONS PROMIS DE PRENDRE SOIN\u2026 ET TENIR CETTE PROMESSE<\/h2>\n\r\n\r\n        <p >T\u00e9moignages de nos patients<\/p>\r\n<\/div>\n                <\/div>\n            <\/div>\n            <div class=\"wpb_column vc_column_container col-sm-12 col-md-2\">\n                <div class=\"wpb_wrapper\">\n\n                <\/div>\n            <\/div>\n            <div class=\"wpb_column vc_column_container col-sm-12 col-md-8 text-center\">\n                <div class=\"wpb_wrapper\">\n<!-- ========================== TESTIMONIALS ==========================-->\r\n\r\n    <div class=\"testimonial testimonial-slider  \">\r\n      <ul class=\"slides\" id=\"5f7e43d780da7\">\r\n          <li>\r\n\t\t\t   Tr\u00e8s cher Professeur chef de service de chirurgie cardiaque de la clinique d'Agdal et son \u00e9quipe, c'est avec une profonde \u00e9motion et une immense joie que je vous adresse ces mots de remerciement et de reconnaissance, tout en vous r\u00e9affirment que, non seulement, vous m'avez d\u00e9livr\u00e9 de la souffrance mais vous m'avez redonn\u00e9 l'espoir et l'opportunit\u00e9 d'\u00eatre encore utile \u00e0 l'autre aussi longtemps que je resterai en vie.\r\n\t\t\t<div class=\"name\">\r\n\t          \t<strong>Amine<\/strong> \r\n\t          \tEx Patient\r\n          \t<\/div>\r\n\r\n          <\/li>\r\n          <li>\r\n\t\t\t   Tr\u00e8s cher professeur, vous m'avez donn\u00e9, pour la premi\u00e8re fois de ma vie, l'occasion de vivre l'amour, la compassion et l'affection dans toute leur pl\u00e9nitude et surtout dans leurs expressions les plus intenses, depuis mon admission dans votre service jusqu'\u00e0 l'hospitalisation poste op\u00e9ratoire \u00a0en passant par le suivi permanant dans les soins intensifs de la r\u00e9animation, durant la maladie et \u00a0pendant la convalescence.\r\n\t\t\t<div class=\"name\">\r\n\t          \t<strong>Amine<\/strong> \r\n\t          \tEx Patient\r\n          \t<\/div>\r\n\r\n          <\/li>\r\n          <li>\r\n\t\t\t   Je ne saurais terminer cette lettre de reconnaissance, sans implorer L'Inventeur des t\u00e9n\u00e8bres et de la lumi\u00e8re, Ma\u00eetre de l'univers et Seigneur des Mondes de vous donner la capacit\u00e9 de vivre en harmonie avec votre foi, de vous garder utile \u00e0 votre familles et \u00e0 votre entourages aussi longtemps que possible, \u00a0vous mettant \u00e0 l'abri de tout mal quelque sois ses formes et sa nature.\r\n\t\t\t<div class=\"name\">\r\n\t          \t<strong>Amine<\/strong> \r\n\t          \tEx Patient\r\n          \t<\/div>\r\n\r\n          <\/li>\r\n      <\/ul>\r\n    <\/div>\r\n\r\n<!-- END======================= TESTIMONIALS ==========================-->\n                <\/div>\n            <\/div>\n            <div class=\"wpb_column vc_column_container col-sm-12 col-md-2\">\n                <div class=\"wpb_wrapper\">\n\n                <\/div>\n            <\/div>\n\t\t<\/div>\n<\/section>\n\n\n<section class=\"vc_row wpb_row vc_row-fluid\">\n\t\t<div class=\"row\">\n            <div class=\"wpb_column vc_column_container col-sm-12\">\n                <div class=\"wpb_wrapper\">\n\n\t<div  class=\"wpb_single_image wpb_content_element vc_align_center\">\n\t\t\n\t\t<figure class=\"wpb_wrapper vc_figure\">\n\t\t\t<div class=\"vc_single_image-wrapper   vc_box_border_grey\"><img width=\"680\" height=\"443\" src=\"https:\/\/ccva.ma\/wp-content\/uploads\/2024\/05\/2022-12-26.png\" class=\"vc_single_image-img attachment-full\" alt=\"\" decoding=\"async\" loading=\"lazy\" srcset=\"https:\/\/ccva.ma\/wp-content\/uploads\/2024\/05\/2022-12-26.png 680w, https:\/\/ccva.ma\/wp-content\/uploads\/2024\/05\/2022-12-26-300x195.png 300w, https:\/\/ccva.ma\/wp-content\/uploads\/2024\/05\/2022-12-26-18x12.png 18w\" sizes=\"(max-width: 680px) 100vw, 680px\" \/><\/div>\n\t\t<\/figure>\n\t<\/div>\n\n                <\/div>\n            <\/div>\n\t\t<\/div>\n<\/section>\n","protected":false},"excerpt":{"rendered":"Je ne saurais terminer cette lettre de reconnaissance, sans implorer L'Inventeur des t\u00e9n\u00e8bres et de la lumi\u00e8re, Ma\u00eetre de l'univers et Seigneur des Mondes de vous donner la capacit\u00e9 de vivre en harmonie avec votre foi, de vous garder utile \u00e0 votre familles et \u00e0 votre entourages aussi longtemps que possible, \u00a0vous mettant \u00e0 l'abri [...]","protected":false},"author":1,"featured_media":2113,"parent":0,"menu_order":0,"comment_status":"closed","ping_status":"closed","template":"","meta":[],"yoast_head":"<!-- This site is optimized with the Yoast SEO plugin v19.13 - https:\/\/yoast.com\/wordpress\/plugins\/seo\/ -->\n<title>A propos - Clinique de Chirurgie Cardio-Vasculaire Agdal<\/title>\n<meta name=\"robots\" content=\"index, follow, max-snippet:-1, max-image-preview:large, max-video-preview:-1\" \/>\n<link rel=\"canonical\" href=\"https:\/\/ccva.ma\/fr\/a-propos-la-clinique-de-chirurgie-cardio-vasculaire-dagdal\/\" \/>\n<meta property=\"og:locale\" content=\"fr_FR\" \/>\n<meta property=\"og:type\" content=\"article\" \/>\n<meta property=\"og:title\" content=\"A propos - Clinique de Chirurgie Cardio-Vasculaire Agdal\" \/>\n<meta property=\"og:url\" content=\"https:\/\/ccva.ma\/fr\/a-propos-la-clinique-de-chirurgie-cardio-vasculaire-dagdal\/\" \/>\n<meta property=\"og:site_name\" content=\"Clinique de Chirurgie Cardio-Vasculaire Agdal\" \/>\n<meta property=\"article:publisher\" content=\"https:\/\/www.facebook.com\/CCVARabat\" \/>\n<meta property=\"article:modified_time\" content=\"2024-05-07T16:53:43+00:00\" \/>\n<meta property=\"og:image\" content=\"https:\/\/ccva.ma\/wp-content\/uploads\/2020\/09\/clinic-Agdal.jpg\" \/>\n\t<meta property=\"og:image:width\" content=\"1920\" \/>\n\t<meta property=\"og:image:height\" content=\"680\" \/>\n\t<meta property=\"og:image:type\" content=\"image\/jpeg\" \/>\n<meta name=\"twitter:card\" content=\"summary_large_image\" \/>\n<meta name=\"twitter:label1\" content=\"Dur\u00e9e de lecture estim\u00e9e\" \/>\n\t<meta name=\"twitter:data1\" content=\"3 minutes\" \/>\n<script type=\"application\/ld+json\" class=\"yoast-schema-graph\">{\"@context\":\"https:\/\/schema.org\",\"@graph\":[{\"@type\":\"WebPage\",\"@id\":\"https:\/\/ccva.ma\/ar\/a-propos-la-clinique-de-chirurgie-cardio-vasculaire-dagdal\/\",\"url\":\"https:\/\/ccva.ma\/ar\/a-propos-la-clinique-de-chirurgie-cardio-vasculaire-dagdal\/\",\"name\":\"A propos - Clinique de Chirurgie Cardio-Vasculaire Agdal\",\"isPartOf\":{\"@id\":\"https:\/\/ccva.ma\/fr\/#website\"},\"datePublished\":\"2015-09-28T15:04:12+00:00\",\"dateModified\":\"2024-05-07T16:53:43+00:00\",\"breadcrumb\":{\"@id\":\"https:\/\/ccva.ma\/ar\/a-propos-la-clinique-de-chirurgie-cardio-vasculaire-dagdal\/#breadcrumb\"},\"inLanguage\":\"fr-FR\",\"potentialAction\":[{\"@type\":\"ReadAction\",\"target\":[\"https:\/\/ccva.ma\/ar\/a-propos-la-clinique-de-chirurgie-cardio-vasculaire-dagdal\/\"]}]},{\"@type\":\"BreadcrumbList\",\"@id\":\"https:\/\/ccva.ma\/ar\/a-propos-la-clinique-de-chirurgie-cardio-vasculaire-dagdal\/#breadcrumb\",\"itemListElement\":[{\"@type\":\"ListItem\",\"position\":1,\"name\":\"Accueil\",\"item\":\"https:\/\/ccva.ma\/fr\/\"},{\"@type\":\"ListItem\",\"position\":2,\"name\":\"A propos\"}]},{\"@type\":\"WebSite\",\"@id\":\"https:\/\/ccva.ma\/fr\/#website\",\"url\":\"https:\/\/ccva.ma\/fr\/\",\"name\":\"Clinique de Chirurgie Cardio-Vasculaire Agdal\",\"description\":\"CCVA\",\"publisher\":{\"@id\":\"https:\/\/ccva.ma\/fr\/#organization\"},\"potentialAction\":[{\"@type\":\"SearchAction\",\"target\":{\"@type\":\"EntryPoint\",\"urlTemplate\":\"https:\/\/ccva.ma\/fr\/?s={search_term_string}\"},\"query-input\":\"required name=search_term_string\"}],\"inLanguage\":\"fr-FR\"},{\"@type\":\"Organization\",\"@id\":\"https:\/\/ccva.ma\/fr\/#organization\",\"name\":\"Clinique de Chirurgie Cardio-Vasculaire Agdal\",\"url\":\"https:\/\/ccva.ma\/fr\/\",\"logo\":{\"@type\":\"ImageObject\",\"inLanguage\":\"fr-FR\",\"@id\":\"https:\/\/ccva.ma\/fr\/#\/schema\/logo\/image\/\",\"url\":\"https:\/\/ccva.ma\/wp-content\/uploads\/2023\/02\/Logo-Carre.jpg\",\"contentUrl\":\"https:\/\/ccva.ma\/wp-content\/uploads\/2023\/02\/Logo-Carre.jpg\",\"width\":1080,\"height\":1080,\"caption\":\"Clinique de Chirurgie Cardio-Vasculaire Agdal\"},\"image\":{\"@id\":\"https:\/\/ccva.ma\/fr\/#\/schema\/logo\/image\/\"},\"sameAs\":[\"https:\/\/www.facebook.com\/CCVARabat\"]}]}<\/script>\n<!-- \/ Yoast SEO plugin. -->","yoast_head_json":{"title":"A propos - Clinique de Chirurgie Cardio-Vasculaire Agdal","robots":{"index":"index","follow":"follow","max-snippet":"max-snippet:-1","max-image-preview":"max-image-preview:large","max-video-preview":"max-video-preview:-1"},"canonical":"https:\/\/ccva.ma\/fr\/a-propos-la-clinique-de-chirurgie-cardio-vasculaire-dagdal\/","og_locale":"fr_FR","og_type":"article","og_title":"A propos - Clinique de Chirurgie Cardio-Vasculaire Agdal","og_url":"https:\/\/ccva.ma\/fr\/a-propos-la-clinique-de-chirurgie-cardio-vasculaire-dagdal\/","og_site_name":"Clinique de Chirurgie Cardio-Vasculaire Agdal","article_publisher":"https:\/\/www.facebook.com\/CCVARabat","article_modified_time":"2024-05-07T16:53:43+00:00","og_image":[{"width":1920,"height":680,"url":"https:\/\/ccva.ma\/wp-content\/uploads\/2020\/09\/clinic-Agdal.jpg","type":"image\/jpeg"}],"twitter_card":"summary_large_image","twitter_misc":{"Dur\u00e9e de lecture estim\u00e9e":"3 minutes"},"schema":{"@context":"https:\/\/schema.org","@graph":[{"@type":"WebPage","@id":"https:\/\/ccva.ma\/ar\/a-propos-la-clinique-de-chirurgie-cardio-vasculaire-dagdal\/","url":"https:\/\/ccva.ma\/ar\/a-propos-la-clinique-de-chirurgie-cardio-vasculaire-dagdal\/","name":"A propos - Clinique de Chirurgie Cardio-Vasculaire Agdal","isPartOf":{"@id":"https:\/\/ccva.ma\/fr\/#website"},"datePublished":"2015-09-28T15:04:12+00:00","dateModified":"2024-05-07T16:53:43+00:00","breadcrumb":{"@id":"https:\/\/ccva.ma\/ar\/a-propos-la-clinique-de-chirurgie-cardio-vasculaire-dagdal\/#breadcrumb"},"inLanguage":"fr-FR","potentialAction":[{"@type":"ReadAction","target":["https:\/\/ccva.ma\/ar\/a-propos-la-clinique-de-chirurgie-cardio-vasculaire-dagdal\/"]}]},{"@type":"BreadcrumbList","@id":"https:\/\/ccva.ma\/ar\/a-propos-la-clinique-de-chirurgie-cardio-vasculaire-dagdal\/#breadcrumb","itemListElement":[{"@type":"ListItem","position":1,"name":"Accueil","item":"https:\/\/ccva.ma\/fr\/"},{"@type":"ListItem","position":2,"name":"A propos"}]},{"@type":"WebSite","@id":"https:\/\/ccva.ma\/fr\/#website","url":"https:\/\/ccva.ma\/fr\/","name":"Clinique de Chirurgie Cardio-Vasculaire Agdal","description":"CCVA","publisher":{"@id":"https:\/\/ccva.ma\/fr\/#organization"},"potentialAction":[{"@type":"SearchAction","target":{"@type":"EntryPoint","urlTemplate":"https:\/\/ccva.ma\/fr\/?s={search_term_string}"},"query-input":"required name=search_term_string"}],"inLanguage":"fr-FR"},{"@type":"Organization","@id":"https:\/\/ccva.ma\/fr\/#organization","name":"Clinique de Chirurgie Cardio-Vasculaire Agdal","url":"https:\/\/ccva.ma\/fr\/","logo":{"@type":"ImageObject","inLanguage":"fr-FR","@id":"https:\/\/ccva.ma\/fr\/#\/schema\/logo\/image\/","url":"https:\/\/ccva.ma\/wp-content\/uploads\/2023\/02\/Logo-Carre.jpg","contentUrl":"https:\/\/ccva.ma\/wp-content\/uploads\/2023\/02\/Logo-Carre.jpg","width":1080,"height":1080,"caption":"Clinique de Chirurgie Cardio-Vasculaire Agdal"},"image":{"@id":"https:\/\/ccva.ma\/fr\/#\/schema\/logo\/image\/"},"sameAs":["https:\/\/www.facebook.com\/CCVARabat"]}]}},"_links":{"self":[{"href":"https:\/\/ccva.ma\/fr\/wp-json\/wp\/v2\/pages\/166"}],"collection":[{"href":"https:\/\/ccva.ma\/fr\/wp-json\/wp\/v2\/pages"}],"about":[{"href":"https:\/\/ccva.ma\/fr\/wp-json\/wp\/v2\/types\/page"}],"author":[{"embeddable":true,"href":"https:\/\/ccva.ma\/fr\/wp-json\/wp\/v2\/users\/1"}],"replies":[{"embeddable":true,"href":"https:\/\/ccva.ma\/fr\/wp-json\/wp\/v2\/comments?post=166"}],"version-history":[{"count":19,"href":"https:\/\/ccva.ma\/fr\/wp-json\/wp\/v2\/pages\/166\/revisions"}],"predecessor-version":[{"id":2858,"href":"https:\/\/ccva.ma\/fr\/wp-json\/wp\/v2\/pages\/166\/revisions\/2858"}],"wp:featuredmedia":[{"embeddable":true,"href":"https:\/\/ccva.ma\/fr\/wp-json\/wp\/v2\/media\/2113"}],"wp:attachment":[{"href":"https:\/\/ccva.ma\/fr\/wp-json\/wp\/v2\/media?parent=166"}],"curies":[{"name":"wp","href":"https:\/\/api.w.org\/{rel}","templated":true}]}}