{"id":255,"date":"2015-09-29T11:36:16","date_gmt":"2015-09-29T09:36:16","guid":{"rendered":"http:\/\/plethorathemes.com\/healthx\/?page_id=255"},"modified":"2024-05-07T19:35:45","modified_gmt":"2024-05-07T17:35:45","slug":"contact","status":"publish","type":"page","link":"https:\/\/ccva.ma\/fr\/contact\/","title":{"rendered":"contact"},"content":{"rendered":"<section class=\"vc_row wpb_row vc_row-fluid no_padding no_cols_padding vc_custom_1602331415388 full_width full_height vertical_center\">\n\t\t<div class=\"row\">\n            <div class=\"wpb_column vc_column_container col-sm-12 vc_custom_1602331120651\">\n                <div class=\"wpb_wrapper\">\n\n\t<div class=\"wpb_raw_code wpb_content_element wpb_raw_html vc_custom_1675691035687\" >\n\t\t<div class=\"wpb_wrapper\">\n\t\t\t<iframe src=\"https:\/\/www.google.com\/maps\/embed?pb=!1m18!1m12!1m3!1d3308.0458527518012!2d-6.853604684856094!3d33.99135598062254!2m3!1f0!2f0!3f0!3m2!1i1024!2i768!4f13.1!3m3!1m2!1s0xda76c93e3bedee7%3A0x92d68fa9f924dc7c!2sC.c.v.a.!5e0!3m2!1sfr!2sma!4v1602330619101!5m2!1sfr!2sma\" title=\"Localisation de la clinique\" width=\"100%\" height=\"450\" frameborder=\"0\" style=\"border:0;\" allowfullscreen=\"\" aria-hidden=\"false\" tabindex=\"0\"><\/iframe>\n\t\t<\/div>\n\t<\/div>\n\n                <\/div>\n            <\/div>\n\t\t<\/div>\n<\/section>\n\n\n<section class=\"vc_row wpb_row vc_row-fluid no_padding no_cols_padding vc_custom_1602331330159\">\n\t\t<div class=\"row\">\n            <div class=\"wpb_column vc_column_container col-sm-6 boxed_plus\">\n                <div class=\"wpb_wrapper\">\n\n\t<div  class=\"wpb_single_image wpb_content_element vc_align_left\">\n\t\t\n\t\t<figure class=\"wpb_wrapper vc_figure\">\n\t\t\t<div class=\"vc_single_image-wrapper   vc_box_border_grey\"><\/div>\n\t\t<\/figure>\n\t<\/div>\n<div class=\"vc_separator wpb_content_element vc_separator_align_center vc_sep_width_100 vc_sep_pos_align_center vc_sep_color_grey vc_separator-has-text\" ><span class=\"vc_sep_holder vc_sep_holder_l\"><span  class=\"vc_sep_line\"><\/span><\/span><h4>CONTACT &amp; ASSISTANCE<\/h4><span class=\"vc_sep_holder vc_sep_holder_r\"><span  class=\"vc_sep_line\"><\/span><\/span>\n<\/div>\n\t<div class=\"wpb_text_column wpb_content_element \" >\n\t\t<div class=\"wpb_wrapper\">\n\t\t\t<div class=\"wpb_text_column wpb_content_element \">\n<div class=\"wpb_wrapper\">\n<p style=\"text-align: center;\">Une question\u00a0? Un avis\u00a0? Besoin d\u2019assistance\u00a0? N\u2019h\u00e9sitez pas \u00e0 nous contacter via notre formulaire de contact, par t\u00e9l\u00e9phone, e-mail, ou sur notre page Facebook. Nous serons ravis de pouvoir r\u00e9pondre \u00e0 vos besoins.<\/p>\n<p style=\"text-align: center;\"><strong>Horaire d\u2019ouverture :<\/strong>\u00a08h00 \u2013 18h00<\/p>\n<p style=\"text-align: center;\"><strong>Fixe : <\/strong><strong>+212 5 37 77 90 90<\/strong><\/p>\n<p style=\"text-align: center;\"><strong>Faxe : <\/strong><strong>+212 5 37 77 93 93<\/strong><\/p>\n<p style=\"text-align: center;\"><strong>E-mail :\u00a0belhajccv@gmail.com<\/strong><\/p>\n<p style=\"text-align: center;\"><strong>Facebook\u00a0: @CCVARabat \u2013 Clinique de chirurgie cardiovasculaire de l\u2019Agdal<\/strong><\/p>\n<p style=\"text-align: center;\">Adresse : 6 place Talha, Avenue Ibn Sina, Quartier de l\u2019Agdal 10100 \u2013\u00a0<span class=\"contact-suburb\">Rabat\u00a0<\/span><span class=\"contact-postcode\">10005,\u00a0<\/span><span class=\"contact-country\">MAROC<\/span><\/p>\n<\/div>\n<\/div>\n\n\t\t<\/div>\n\t<\/div>\n\n                <\/div>\n            <\/div>\n            <div class=\"wpb_column vc_column_container col-sm-6 secondary_section margin_bottom_grid boxed_plus\">\n                <div class=\"wpb_wrapper\">\n\n<div class=\"wpcf7 no-js\" id=\"wpcf7-f5-o1\" lang=\"fr-FR\" dir=\"ltr\">\n<div class=\"screen-reader-response\"><p role=\"status\" aria-live=\"polite\" aria-atomic=\"true\"><\/p> <ul><\/ul><\/div>\n<form action=\"\/fr\/wp-json\/wp\/v2\/pages\/255#wpcf7-f5-o1\" method=\"post\" class=\"wpcf7-form init\" aria-label=\"Formulaire de contact\" novalidate=\"novalidate\" data-status=\"init\">\n<div style=\"display: none;\">\n<input type=\"hidden\" name=\"_wpcf7\" value=\"5\" \/>\n<input type=\"hidden\" name=\"_wpcf7_version\" value=\"5.7.3\" \/>\n<input type=\"hidden\" name=\"_wpcf7_locale\" value=\"fr_FR\" \/>\n<input type=\"hidden\" name=\"_wpcf7_unit_tag\" value=\"wpcf7-f5-o1\" \/>\n<input type=\"hidden\" name=\"_wpcf7_container_post\" value=\"0\" \/>\n<input type=\"hidden\" name=\"_wpcf7_posted_data_hash\" value=\"\" \/>\n<input type=\"hidden\" name=\"_wpcf7_recaptcha_response\" value=\"\" \/>\n<\/div>\n<p><label>Nom Complet (*)<br \/>\n<span class=\"wpcf7-form-control-wrap\" data-name=\"your-name\"><input size=\"40\" class=\"wpcf7-form-control wpcf7-form-control form-control wpcf7-validates-as-required\" aria-required=\"true\" aria-invalid=\"false\" value=\"\" type=\"text\" name=\"your-name\" \/><\/span> <\/label>\n<\/p>\n<p><label>E-mail (*)<br \/>\n<span class=\"wpcf7-form-control-wrap\" data-name=\"your-email\"><input size=\"40\" class=\"wpcf7-form-control wpcf7-form-control form-control wpcf7-form-control form-control wpcf7-validates-as-required wpcf7-validates-as-email\" aria-required=\"true\" aria-invalid=\"false\" value=\"\" type=\"email\" name=\"your-email\" \/><\/span> <\/label>\n<\/p>\n<p><label> Sujet<br \/>\n<span class=\"wpcf7-form-control-wrap\" data-name=\"your-subject\"><input size=\"40\" class=\"wpcf7-form-control wpcf7-form-control form-control\" aria-invalid=\"false\" value=\"\" type=\"text\" name=\"your-subject\" \/><\/span> <\/label>\n<\/p>\n<p><label>Message<br \/>\n<span class=\"wpcf7-form-control-wrap\" data-name=\"your-message\"><textarea cols=\"40\" rows=\"10\" class=\"wpcf7-form-control wpcf7-form-control wpcf7-form-control form-control\" aria-invalid=\"false\" name=\"your-message\"><\/textarea><\/span> <\/label>\n<\/p>\n<p><input class=\"wpcf7-form-control has-spinner wpcf7-submit btn btn-primary\" type=\"submit\" value=\"ENVOYER\" \/>\n<\/p>\n<p>- Les champs marqu\u00e9s par (*) sont obligatoire.\n<\/p><div class=\"wpcf7-response-output\" aria-hidden=\"true\"><\/div>\n<\/form>\n<\/div>\n<div class=\"vc_empty_space\"   style=\"height: 32px\"><span class=\"vc_empty_space_inner\"><\/span><\/div>\n                <\/div>\n            <\/div>\n\t\t<\/div>\n<\/section>\n\n\n<section class=\"vc_row wpb_row vc_row-fluid secondary_section no_padding separator_top sep_angled_positive_top separator_bottom sep_angled_positive_bottom\">\n\t\t<div class=\"row\">\n            <div class=\"wpb_column vc_column_container col-sm-4\">\n                <div class=\"wpb_wrapper\">\n<!-- ========================== TEASER BOX ==========================-->\r\n<div class=\"teaser_box wpb_content_element text-center   boxed     \">\r\n\r\n\r\n  <div class=\"figure \">\r\n\r\n\r\n        \r\n\r\n        \r\n\r\n        <i class=\"fa fa-car\"><\/i>\r\n\r\n\r\n\r\n\r\n  <\/div>\r\n\r\n\r\n  <div class=\"content text-center  \">\r\n    \r\n    <div class=\"hgroup\">\r\n       <h4 class=\"neutralize_links\">\r\n       PARKING\r\n       <\/h4>\r\n       <p>Vous pouvez garer votre voiture tout pr\u00e8s.<\/p> \r\n    <\/div>\r\n\r\n    \r\n\r\n\r\n  <\/div>\r\n\r\n<\/div>\r\n\r\n<!-- END======================= TEASER BOX ==========================-->\n                <\/div>\n            <\/div>\n            <div class=\"wpb_column vc_column_container col-sm-4\">\n                <div class=\"wpb_wrapper\">\n<!-- ========================== TEASER BOX ==========================-->\r\n<div class=\"teaser_box wpb_content_element text-center   boxed     \">\r\n\r\n\r\n  <div class=\"figure \">\r\n\r\n\r\n        \r\n\r\n        \r\n\r\n        <i class=\"fa fa-bus\"><\/i>\r\n\r\n\r\n\r\n\r\n  <\/div>\r\n\r\n\r\n  <div class=\"content text-center  \">\r\n    \r\n    <div class=\"hgroup\">\r\n       <h4 class=\"neutralize_links\">\r\n       ACCESSIBLE EN TRAMWAY\r\n       <\/h4>\r\n       <p>A 2 minutes \u00e0 pieds de la station de tramway IBN SINA.<\/p> \r\n    <\/div>\r\n\r\n    \r\n\r\n\r\n  <\/div>\r\n\r\n<\/div>\r\n\r\n<!-- END======================= TEASER BOX ==========================-->\n                <\/div>\n            <\/div>\n            <div class=\"wpb_column vc_column_container col-sm-4\">\n                <div class=\"wpb_wrapper\">\n<!-- ========================== TEASER BOX ==========================-->\r\n<div class=\"teaser_box wpb_content_element text-center   boxed     \">\r\n\r\n\r\n  <div class=\"figure \">\r\n\r\n\r\n        \r\n\r\n        \r\n\r\n        <i class=\"wmi icon-i-accessibility\"><\/i>\r\n\r\n\r\n\r\n\r\n  <\/div>\r\n\r\n\r\n  <div class=\"content text-center  \">\r\n    \r\n    <div class=\"hgroup\">\r\n       <h4 class=\"neutralize_links\">\r\n       ACCESSIBILIT\u00c9\r\n       <\/h4>\r\n       <p>Le b\u00e2timent est accessible aux personnes \u00e0 mobilit\u00e9 r\u00e9duite.<\/p> \r\n    <\/div>\r\n\r\n    \r\n\r\n\r\n  <\/div>\r\n\r\n<\/div>\r\n\r\n<!-- END======================= TEASER BOX ==========================-->\n                <\/div>\n            <\/div>\n\t\t<\/div>\n<\/section>\n\n\n<section style=\"background-image: url('https:\/\/ccva.ma\/wp-content\/uploads\/2020\/09\/clinic-Agdal.jpg')\" class=\"vc_row wpb_row vc_row-fluid secondary_section text-center transparent_film bgimage bg_vcenter\">\n\t\t<div class=\"row\">\n            <div class=\"wpb_column vc_column_container col-sm-12\">\n                <div class=\"wpb_wrapper\">\n<div class=\"section_header subtitle_bottom   fancy text-center\">\r\n\r\n    <h2 style=\"text-align: center;\">CONSULTEZ NOTRE NEWSLETTER SANT\u00c9<\/h2>\n\r\n\r\n        <p >Inscrivez-vous \u00e0 notre newsletter et recevez nos derni\u00e8res news m\u00e9dicales.<\/p>\r\n<\/div>\n<div class=\"wpcf7 no-js\" id=\"wpcf7-f2566-o2\" lang=\"fr-FR\" dir=\"ltr\">\n<div class=\"screen-reader-response\"><p role=\"status\" aria-live=\"polite\" aria-atomic=\"true\"><\/p> <ul><\/ul><\/div>\n<form action=\"\/fr\/wp-json\/wp\/v2\/pages\/255#wpcf7-f2566-o2\" method=\"post\" class=\"wpcf7-form init\" aria-label=\"Formulaire de contact\" novalidate=\"novalidate\" data-status=\"init\">\n<div style=\"display: none;\">\n<input type=\"hidden\" name=\"_wpcf7\" value=\"2566\" \/>\n<input type=\"hidden\" name=\"_wpcf7_version\" value=\"5.7.3\" \/>\n<input type=\"hidden\" name=\"_wpcf7_locale\" value=\"fr_FR\" \/>\n<input type=\"hidden\" name=\"_wpcf7_unit_tag\" value=\"wpcf7-f2566-o2\" \/>\n<input type=\"hidden\" name=\"_wpcf7_container_post\" value=\"0\" \/>\n<input type=\"hidden\" name=\"_wpcf7_posted_data_hash\" value=\"\" \/>\n<input type=\"hidden\" name=\"_wpcf7_recaptcha_response\" value=\"\" \/>\n<\/div>\n<div class=\"row\" style=\"text-align: center;\">\n\t<div class=\"col-md-3\">\n\t<\/div>\n\t<div class=\"col-md-4\">\n\t\t<p><span class=\"wpcf7-form-control-wrap\" data-name=\"email\"><input size=\"40\" class=\"wpcf7-form-control wpcf7-form-control form-control wpcf7-form-control form-control wpcf7-validates-as-required wpcf7-validates-as-email\" aria-required=\"true\" aria-invalid=\"false\" value=\"Adresse Email\" type=\"email\" name=\"email\" \/><\/span>\n\t\t<\/p>\n\t<\/div>\n\t<div class=\"col-md-2\">\n\t\t<p><input class=\"wpcf7-form-control has-spinner wpcf7-submit btn btn-primary\" type=\"submit\" value=\"INSCRIPTION\" \/>\n\t\t<\/p>\n\t<\/div>\n\t<div class=\"col-md-3\">\n\t<\/div>\n<\/div><div class=\"wpcf7-response-output\" aria-hidden=\"true\"><\/div>\n<\/form>\n<\/div>\n\n                <\/div>\n            <\/div>\n\t\t<\/div>\n<\/section>\n\n\n<section class=\"vc_row wpb_row vc_row-fluid\">\n\t\t<div class=\"row\">\n            <div class=\"wpb_column vc_column_container col-sm-12\">\n                <div class=\"wpb_wrapper\">\n\n\t<div  class=\"wpb_single_image wpb_content_element vc_align_center\">\n\t\t\n\t\t<figure class=\"wpb_wrapper vc_figure\">\n\t\t\t<div class=\"vc_single_image-wrapper   vc_box_border_grey\"><img width=\"680\" height=\"443\" src=\"https:\/\/ccva.ma\/wp-content\/uploads\/2024\/05\/2022-12-26.png\" class=\"vc_single_image-img attachment-full\" alt=\"\" decoding=\"async\" loading=\"lazy\" srcset=\"https:\/\/ccva.ma\/wp-content\/uploads\/2024\/05\/2022-12-26.png 680w, https:\/\/ccva.ma\/wp-content\/uploads\/2024\/05\/2022-12-26-300x195.png 300w, https:\/\/ccva.ma\/wp-content\/uploads\/2024\/05\/2022-12-26-18x12.png 18w\" sizes=\"(max-width: 680px) 100vw, 680px\" \/><\/div>\n\t\t<\/figure>\n\t<\/div>\n\n                <\/div>\n            <\/div>\n\t\t<\/div>\n<\/section>\n","protected":false},"excerpt":{"rendered":"CONTACT &amp; ASSISTANCE Une question\u00a0? Un avis\u00a0? Besoin d\u2019assistance\u00a0? N\u2019h\u00e9sitez pas \u00e0 nous contacter via notre formulaire de contact, par t\u00e9l\u00e9phone, e-mail, ou sur notre page Facebook. Nous serons ravis de pouvoir r\u00e9pondre \u00e0 vos besoins. Horaire d\u2019ouverture :\u00a08h00 \u2013 18h00 Fixe : +212 5 37 77 90 90 Faxe : +212 5 37 77 [...]","protected":false},"author":1,"featured_media":0,"parent":0,"menu_order":0,"comment_status":"closed","ping_status":"closed","template":"","meta":[],"yoast_head":"<!-- This site is optimized with the Yoast SEO plugin v19.13 - https:\/\/yoast.com\/wordpress\/plugins\/seo\/ -->\n<title>contact - Clinique de Chirurgie Cardio-Vasculaire Agdal<\/title>\n<meta name=\"robots\" content=\"index, follow, max-snippet:-1, max-image-preview:large, max-video-preview:-1\" \/>\n<link rel=\"canonical\" href=\"https:\/\/ccva.ma\/fr\/contact\/\" \/>\n<meta property=\"og:locale\" content=\"fr_FR\" \/>\n<meta property=\"og:type\" content=\"article\" \/>\n<meta property=\"og:title\" content=\"contact - Clinique de Chirurgie Cardio-Vasculaire Agdal\" \/>\n<meta property=\"og:url\" content=\"https:\/\/ccva.ma\/fr\/contact\/\" \/>\n<meta property=\"og:site_name\" content=\"Clinique de Chirurgie Cardio-Vasculaire Agdal\" \/>\n<meta property=\"article:publisher\" content=\"https:\/\/www.facebook.com\/CCVARabat\" \/>\n<meta property=\"article:modified_time\" content=\"2024-05-07T17:35:45+00:00\" \/>\n<meta property=\"og:image\" content=\"https:\/\/ccva.ma\/wp-content\/uploads\/2023\/02\/Logo-Carre.jpg\" \/>\n\t<meta property=\"og:image:width\" content=\"1080\" \/>\n\t<meta property=\"og:image:height\" content=\"1080\" \/>\n\t<meta property=\"og:image:type\" content=\"image\/jpeg\" \/>\n<meta name=\"twitter:card\" content=\"summary_large_image\" \/>\n<meta name=\"twitter:label1\" content=\"Dur\u00e9e de lecture estim\u00e9e\" \/>\n\t<meta name=\"twitter:data1\" content=\"2 minutes\" \/>\n<script type=\"application\/ld+json\" class=\"yoast-schema-graph\">{\"@context\":\"https:\/\/schema.org\",\"@graph\":[{\"@type\":\"WebPage\",\"@id\":\"https:\/\/ccva.ma\/fr\/contact\/\",\"url\":\"https:\/\/ccva.ma\/fr\/contact\/\",\"name\":\"contact - Clinique de Chirurgie Cardio-Vasculaire Agdal\",\"isPartOf\":{\"@id\":\"https:\/\/ccva.ma\/fr\/#website\"},\"datePublished\":\"2015-09-29T09:36:16+00:00\",\"dateModified\":\"2024-05-07T17:35:45+00:00\",\"breadcrumb\":{\"@id\":\"https:\/\/ccva.ma\/fr\/contact\/#breadcrumb\"},\"inLanguage\":\"fr-FR\",\"potentialAction\":[{\"@type\":\"ReadAction\",\"target\":[\"https:\/\/ccva.ma\/fr\/contact\/\"]}]},{\"@type\":\"BreadcrumbList\",\"@id\":\"https:\/\/ccva.ma\/fr\/contact\/#breadcrumb\",\"itemListElement\":[{\"@type\":\"ListItem\",\"position\":1,\"name\":\"Accueil\",\"item\":\"https:\/\/ccva.ma\/fr\/\"},{\"@type\":\"ListItem\",\"position\":2,\"name\":\"contact\"}]},{\"@type\":\"WebSite\",\"@id\":\"https:\/\/ccva.ma\/fr\/#website\",\"url\":\"https:\/\/ccva.ma\/fr\/\",\"name\":\"Clinique de Chirurgie Cardio-Vasculaire Agdal\",\"description\":\"CCVA\",\"publisher\":{\"@id\":\"https:\/\/ccva.ma\/fr\/#organization\"},\"potentialAction\":[{\"@type\":\"SearchAction\",\"target\":{\"@type\":\"EntryPoint\",\"urlTemplate\":\"https:\/\/ccva.ma\/fr\/?s={search_term_string}\"},\"query-input\":\"required name=search_term_string\"}],\"inLanguage\":\"fr-FR\"},{\"@type\":\"Organization\",\"@id\":\"https:\/\/ccva.ma\/fr\/#organization\",\"name\":\"Clinique de Chirurgie Cardio-Vasculaire Agdal\",\"url\":\"https:\/\/ccva.ma\/fr\/\",\"logo\":{\"@type\":\"ImageObject\",\"inLanguage\":\"fr-FR\",\"@id\":\"https:\/\/ccva.ma\/fr\/#\/schema\/logo\/image\/\",\"url\":\"https:\/\/ccva.ma\/wp-content\/uploads\/2023\/02\/Logo-Carre.jpg\",\"contentUrl\":\"https:\/\/ccva.ma\/wp-content\/uploads\/2023\/02\/Logo-Carre.jpg\",\"width\":1080,\"height\":1080,\"caption\":\"Clinique de Chirurgie Cardio-Vasculaire Agdal\"},\"image\":{\"@id\":\"https:\/\/ccva.ma\/fr\/#\/schema\/logo\/image\/\"},\"sameAs\":[\"https:\/\/www.facebook.com\/CCVARabat\"]}]}<\/script>\n<!-- \/ Yoast SEO plugin. -->","yoast_head_json":{"title":"contact - Clinique de Chirurgie Cardio-Vasculaire Agdal","robots":{"index":"index","follow":"follow","max-snippet":"max-snippet:-1","max-image-preview":"max-image-preview:large","max-video-preview":"max-video-preview:-1"},"canonical":"https:\/\/ccva.ma\/fr\/contact\/","og_locale":"fr_FR","og_type":"article","og_title":"contact - Clinique de Chirurgie Cardio-Vasculaire Agdal","og_url":"https:\/\/ccva.ma\/fr\/contact\/","og_site_name":"Clinique de Chirurgie Cardio-Vasculaire Agdal","article_publisher":"https:\/\/www.facebook.com\/CCVARabat","article_modified_time":"2024-05-07T17:35:45+00:00","og_image":[{"width":1080,"height":1080,"url":"https:\/\/ccva.ma\/wp-content\/uploads\/2023\/02\/Logo-Carre.jpg","type":"image\/jpeg"}],"twitter_card":"summary_large_image","twitter_misc":{"Dur\u00e9e de lecture estim\u00e9e":"2 minutes"},"schema":{"@context":"https:\/\/schema.org","@graph":[{"@type":"WebPage","@id":"https:\/\/ccva.ma\/fr\/contact\/","url":"https:\/\/ccva.ma\/fr\/contact\/","name":"contact - Clinique de Chirurgie Cardio-Vasculaire Agdal","isPartOf":{"@id":"https:\/\/ccva.ma\/fr\/#website"},"datePublished":"2015-09-29T09:36:16+00:00","dateModified":"2024-05-07T17:35:45+00:00","breadcrumb":{"@id":"https:\/\/ccva.ma\/fr\/contact\/#breadcrumb"},"inLanguage":"fr-FR","potentialAction":[{"@type":"ReadAction","target":["https:\/\/ccva.ma\/fr\/contact\/"]}]},{"@type":"BreadcrumbList","@id":"https:\/\/ccva.ma\/fr\/contact\/#breadcrumb","itemListElement":[{"@type":"ListItem","position":1,"name":"Accueil","item":"https:\/\/ccva.ma\/fr\/"},{"@type":"ListItem","position":2,"name":"contact"}]},{"@type":"WebSite","@id":"https:\/\/ccva.ma\/fr\/#website","url":"https:\/\/ccva.ma\/fr\/","name":"Clinique de Chirurgie Cardio-Vasculaire Agdal","description":"CCVA","publisher":{"@id":"https:\/\/ccva.ma\/fr\/#organization"},"potentialAction":[{"@type":"SearchAction","target":{"@type":"EntryPoint","urlTemplate":"https:\/\/ccva.ma\/fr\/?s={search_term_string}"},"query-input":"required name=search_term_string"}],"inLanguage":"fr-FR"},{"@type":"Organization","@id":"https:\/\/ccva.ma\/fr\/#organization","name":"Clinique de Chirurgie Cardio-Vasculaire Agdal","url":"https:\/\/ccva.ma\/fr\/","logo":{"@type":"ImageObject","inLanguage":"fr-FR","@id":"https:\/\/ccva.ma\/fr\/#\/schema\/logo\/image\/","url":"https:\/\/ccva.ma\/wp-content\/uploads\/2023\/02\/Logo-Carre.jpg","contentUrl":"https:\/\/ccva.ma\/wp-content\/uploads\/2023\/02\/Logo-Carre.jpg","width":1080,"height":1080,"caption":"Clinique de Chirurgie Cardio-Vasculaire Agdal"},"image":{"@id":"https:\/\/ccva.ma\/fr\/#\/schema\/logo\/image\/"},"sameAs":["https:\/\/www.facebook.com\/CCVARabat"]}]}},"_links":{"self":[{"href":"https:\/\/ccva.ma\/fr\/wp-json\/wp\/v2\/pages\/255"}],"collection":[{"href":"https:\/\/ccva.ma\/fr\/wp-json\/wp\/v2\/pages"}],"about":[{"href":"https:\/\/ccva.ma\/fr\/wp-json\/wp\/v2\/types\/page"}],"author":[{"embeddable":true,"href":"https:\/\/ccva.ma\/fr\/wp-json\/wp\/v2\/users\/1"}],"replies":[{"embeddable":true,"href":"https:\/\/ccva.ma\/fr\/wp-json\/wp\/v2\/comments?post=255"}],"version-history":[{"count":14,"href":"https:\/\/ccva.ma\/fr\/wp-json\/wp\/v2\/pages\/255\/revisions"}],"predecessor-version":[{"id":3010,"href":"https:\/\/ccva.ma\/fr\/wp-json\/wp\/v2\/pages\/255\/revisions\/3010"}],"wp:attachment":[{"href":"https:\/\/ccva.ma\/fr\/wp-json\/wp\/v2\/media?parent=255"}],"curies":[{"name":"wp","href":"https:\/\/api.w.org\/{rel}","templated":true}]}}