{"id":532,"date":"2015-10-22T06:53:44","date_gmt":"2015-10-22T04:53:44","guid":{"rendered":"http:\/\/plethorathemes.com\/healthx\/?page_id=532"},"modified":"2024-05-07T19:14:44","modified_gmt":"2024-05-07T17:14:44","slug":"plateau-technique","status":"publish","type":"page","link":"https:\/\/ccva.ma\/fr\/plateau-technique\/","title":{"rendered":"Plateau technique"},"content":{"rendered":"<section id=\"bloc-operatoire\" class=\"vc_row wpb_row vc_row-fluid no_padding vbottom\">\n\t\t<div class=\"row\">\n            <div style=\"background-image: url('https:\/\/ccva.ma\/wp-content\/uploads\/2024\/04\/Untitled-design-2024-04-08T213136.825.webp')\" class=\"wpb_column vc_column_container col-sm-6 secondary_section boxed_plus same_height_col vc_custom_1712611980183 bg_vcenter\">\n                <div class=\"wpb_wrapper\">\n\n                <\/div>\n            <\/div>\n            <div class=\"wpb_column vc_column_container col-sm-6 boxed_plus same_height_col\">\n                <div class=\"wpb_wrapper\">\n<div class=\"vc_empty_space\"   style=\"height: 64px\"><span class=\"vc_empty_space_inner\"><\/span><\/div><div class=\"vc_empty_space  hidden-xs\"   style=\"height: 64px\"><span class=\"vc_empty_space_inner\"><\/span><\/div><div class=\"section_header subtitle_bottom   vc_custom_1707350423668 fancy text-left\">\r\n\r\n    <div class=\"section_header subtitle_bottom vc_custom_1602277015843 fancy text-left\">\n<h3 style=\"text-align: center;\">BLOC OP\u00c9RATOIRE<\/h3>\n<p>&nbsp;<\/p>\n<\/div>\n\r\n\r\n        <p ><\/p>\r\n<\/div>\n\t<div class=\"wpb_text_column wpb_content_element  fontziseclass\" >\n\t\t<div class=\"wpb_wrapper\">\n\t\t\t<p style=\"text-align: center;\">La Clinique de chirurgie cardio-vasculaire de l\u2019Agdal s\u2019est dot\u00e9e d\u2019un \u00e9quipement m\u00e9dical de pointe au bloc op\u00e9ratoire et des derni\u00e8res innovations techniques\u00a0:<\/p>\n<ul style=\"text-align: center;\">\n<li>Pompe de circulation extra-corporelle (CEC) de derni\u00e8re g\u00e9n\u00e9ration<\/li>\n<\/ul>\n<ul style=\"text-align: center;\">\n<li>Ballon de contre-pulsion intra-aortique<\/li>\n<\/ul>\n<ul style=\"text-align: center;\">\n<li>Assistance ventriculaire de type ECMO<\/li>\n<\/ul>\n<ul style=\"text-align: center;\">\n<li>Air conditionn\u00e9 \u00e0 flux laminaire et pression positive<\/li>\n<\/ul>\n<ul style=\"text-align: center;\">\n<li>Monoxyde d\u2019azote<\/li>\n<\/ul>\n<div class=\"wpb_text_column wpb_content_element \">\n<div class=\"wpb_wrapper\">\n<ul>\n<li style=\"text-align: center;\">Dispositifs implantables de derni\u00e8re g\u00e9n\u00e9ration (proth\u00e8ses valvulaires, tubes aortiques, anneaux valvulaires\u2026)<\/li>\n<\/ul>\n<\/div>\n<\/div>\n\n\t\t<\/div>\n\t<\/div>\n<div class=\"vc_empty_space\"   style=\"height: 64px\"><span class=\"vc_empty_space_inner\"><\/span><\/div>\n                <\/div>\n            <\/div>\n\t\t<\/div>\n<\/section>\n\n\n<section class=\"vc_row wpb_row vc_row-fluid skincolored_section no_padding no_cols_padding folded_section\">\n\t\t<div class=\"row\">\n            <div class=\"wpb_column vc_column_container col-sm-3 col-xs-6 skincolored_section boxed same_height_col vc_custom_1448045388925\">\n                <div class=\"wpb_wrapper\">\n\n\t<div class=\"wpb_text_column wpb_content_element \" >\n\t\t<div class=\"wpb_wrapper\">\n\t\t\t<p style=\"text-align: center;\">La CCVA met au service de ses patients un \u00e9quipement technologique de pointe, au bloc op\u00e9ratoire ainsi qu\u2019en r\u00e9animation<\/p>\n\n\t\t<\/div>\n\t<\/div>\n\n                <\/div>\n            <\/div>\n            <div class=\"wpb_column vc_column_container col-sm-3 col-xs-6 skincolored_section boxed same_height_col vc_custom_1448096043985\">\n                <div class=\"wpb_wrapper\">\n\n\t<div class=\"wpb_text_column wpb_content_element \" >\n\t\t<div class=\"wpb_wrapper\">\n\t\t\t<p style=\"text-align: center;\">Un savoir-faire et une expertise \u00e0 la pointe des techniques mini-invasives et endovasculaires\u00a0: chirurgie cardiaque mini-invasive, endoproth\u00e8ses aortiques, TAVI.<\/p>\n\n\t\t<\/div>\n\t<\/div>\n\n                <\/div>\n            <\/div>\n            <div class=\"wpb_column vc_column_container col-sm-3 col-xs-6 skincolored_section boxed same_height_col vc_custom_1448045422740\">\n                <div class=\"wpb_wrapper\">\n\n\t<div class=\"wpb_text_column wpb_content_element \" >\n\t\t<div class=\"wpb_wrapper\">\n\t\t\t<p style=\"text-align: center;\">La CCVA travaille \u00e9troitement au sein de la clinique Agdal et de ses multiples sp\u00e9cialit\u00e9s, offrant un plateau technique complet et op\u00e9rationnel.<\/p>\n\n\t\t<\/div>\n\t<\/div>\n\n                <\/div>\n            <\/div>\n            <div class=\"wpb_column vc_column_container col-sm-3 col-xs-6 skincolored_section boxed same_height_col vc_custom_1448045433542\">\n                <div class=\"wpb_wrapper\">\n\n\t<div class=\"wpb_text_column wpb_content_element  vc_custom_1707480001696\" >\n\t\t<div class=\"wpb_wrapper\">\n\t\t\t<p style=\"text-align: center;\">Une \u00e9quipe d\u00e9vou\u00e9e, un mat\u00e9riel de pointe, au service de votre sant\u00e9.<\/p>\n\n\t\t<\/div>\n\t<\/div>\n\n                <\/div>\n            <\/div>\n\t\t<\/div>\n<\/section>\n\n\n<section id=\"reanimation\" class=\"vc_row wpb_row vc_row-fluid no_padding\">\n\t\t<div class=\"row\">\n            <div style=\"background-image: url('https:\/\/ccva.ma\/wp-content\/uploads\/2021\/01\/Bloc_Reanimation.jpg')\" class=\"wpb_column vc_column_container col-sm-6 secondary_section boxed_plus same_height_col vc_custom_1611501050509 bg_vcenter\">\n                <div class=\"wpb_wrapper\">\n\n                <\/div>\n            <\/div>\n            <div class=\"wpb_column vc_column_container col-sm-6 boxed_plus same_height_col\">\n                <div class=\"wpb_wrapper\">\n<div class=\"vc_empty_space\"   style=\"height: 64px\"><span class=\"vc_empty_space_inner\"><\/span><\/div><div class=\"vc_empty_space  hidden-xs\"   style=\"height: 64px\"><span class=\"vc_empty_space_inner\"><\/span><\/div><div class=\"section_header subtitle_bottom   vc_custom_1707687259253 fancy text-right\">\r\n\r\n    <h3 style=\"text-align: center;\">R\u00c9ANIMATION<\/h3>\n\r\n\r\n        <p ><\/p>\r\n<\/div>\n\t<div class=\"wpb_text_column wpb_content_element \" >\n\t\t<div class=\"wpb_wrapper\">\n\t\t\t<p style=\"text-align: center;\">La r\u00e9animation est un volet fondamental de la prise en charge cardio-vasculaire. L\u2019\u00e9quipe m\u00e9dicale (anesth\u00e9sistes r\u00e9animateurs) est assist\u00e9e d\u2019un personnel param\u00e9dical (kin\u00e9sith\u00e9rapeutes, infirmiers anesth\u00e9sistes et de r\u00e9animation, aide-soignantes) d\u00e9vou\u00e9 et humain. Ici encore, le savoir faire s\u2019appuie sur un \u00e9quipement de pointe\u00a0:<\/p>\n<p style=\"text-align: center;\">&#8211; Respirateurs artificiels de derni\u00e8re g\u00e9n\u00e9ration &#8211;<\/p>\n<p style=\"text-align: center;\">&#8211; Console centralis\u00e9e de monitoring cardiaque et respiratoire &#8211;<\/p>\n<p style=\"text-align: center;\">&#8211; Monoxyde d\u2019azote &#8211;<\/p>\n<p style=\"text-align: center;\">&#8211; Assistance cardiaque de type ECMO et Ballon de contre-pulsion intra-aortique &#8211;<\/p>\n<p style=\"text-align: center;\">&#8211; Appareil de d\u2019h\u00e9modialyse &#8211;<\/p>\n\n\t\t<\/div>\n\t<\/div>\n<div class=\"vc_empty_space\"   style=\"height: 64px\"><span class=\"vc_empty_space_inner\"><\/span><\/div>\n                <\/div>\n            <\/div>\n\t\t<\/div>\n<\/section>\n\n\n<section class=\"vc_row wpb_row vc_row-fluid skincolored_section no_padding no_cols_padding folded_section\">\n\t\t<div class=\"row\">\n            <div class=\"wpb_column vc_column_container col-sm-3 col-xs-6 skincolored_section vc_custom_1446619389066\">\n                <div class=\"wpb_wrapper\">\n<!-- ========================== TEASER BOX ==========================-->\r\n<div class=\"teaser_box wpb_content_element text-center  transparent boxed same_height_col  with_button    \">\r\n\r\n  <div class=\"figure transparent\">\r\n\r\n\r\n      <a href=\"http:\/\/ccva.ma\/plateau-technique\/\" debug title=\"\" target=\"\"> \r\n\r\n        \r\n        \r\n        \r\n         <img src=\"https:\/\/ccva.ma\/wp-content\/uploads\/2024\/05\/Untitled-design-2024-05-05T091115.826.png\" alt=\"PLATEAU TECHNIQUE\">   \r\n\r\n        \r\n\r\n    <\/a>\r\n\r\n  <\/div>\r\n\r\n\r\n\r\n  <div class=\"content text-center   with_button \">\r\n    \r\n    <div class=\"hgroup\">\r\n       <h4 class=\"neutralize_links\">\r\n       PLATEAU TECHNIQUE\r\n       <\/h4>\r\n       <p>L'\u00e9pine dorsale de notre clinique<\/p> \r\n    <\/div>\r\n\r\n    \r\n\r\n    <div class=\"link centered\">\r\n        <a href=\"http:\/\/ccva.ma\/plateau-technique\/\"  target=\"\" class=\"btn btn-xs btn-default\"><strong>D\u00c9TAILS...<\/strong><\/a>\r\n    <\/div>\r\n\r\n  <\/div>\r\n\r\n<\/div>\r\n\r\n<!-- END======================= TEASER BOX ==========================-->\n                <\/div>\n            <\/div>\n            <div class=\"wpb_column vc_column_container col-sm-3 col-xs-6 skincolored_section vc_custom_1447875610924\">\n                <div class=\"wpb_wrapper\">\n<!-- ========================== TEASER BOX ==========================-->\r\n<div class=\"teaser_box wpb_content_element text-center  transparent boxed same_height_col  with_button    \">\r\n\r\n  <div class=\"figure transparent\">\r\n\r\n\r\n      <a href=\"http:\/\/ccva.ma\/interventions\" debug title=\"\" target=\"\"> \r\n\r\n        \r\n        \r\n        \r\n         <img src=\"https:\/\/ccva.ma\/wp-content\/uploads\/2024\/05\/Untitled-design-2024-05-05T091158.578.png\" alt=\"INTERVENTIONS\">   \r\n\r\n        \r\n\r\n    <\/a>\r\n\r\n  <\/div>\r\n\r\n\r\n\r\n  <div class=\"content text-center   with_button \">\r\n    \r\n    <div class=\"hgroup\">\r\n       <h4 class=\"neutralize_links\">\r\n       INTERVENTIONS\r\n       <\/h4>\r\n       <p>Chirurgies m\u00e9dicaux<\/p> \r\n    <\/div>\r\n\r\n    \r\n\r\n    <div class=\"link centered\">\r\n        <a href=\"http:\/\/ccva.ma\/interventions\"  target=\"\" class=\"btn btn-xs btn-secondary\"><strong>D\u00c9TAILS...<\/strong><\/a>\r\n    <\/div>\r\n\r\n  <\/div>\r\n\r\n<\/div>\r\n\r\n<!-- END======================= TEASER BOX ==========================-->\n                <\/div>\n            <\/div>\n            <div class=\"wpb_column vc_column_container col-sm-3 col-xs-6 skincolored_section vc_custom_1447875785935\">\n                <div class=\"wpb_wrapper\">\n<!-- ========================== TEASER BOX ==========================-->\r\n<div class=\"teaser_box wpb_content_element text-center  transparent boxed same_height_col  with_button    \">\r\n\r\n  <div class=\"figure transparent\">\r\n\r\n\r\n      <a href=\"http:\/\/ccva.ma\/notre-staff\/#docteurs\" debug title=\"\" target=\"\"> \r\n\r\n        \r\n        \r\n        \r\n         <img src=\"https:\/\/ccva.ma\/wp-content\/uploads\/2024\/05\/Untitled-design-2024-05-05T091139.585.png\" alt=\"TROUVER UN DOCTEUR\">   \r\n\r\n        \r\n\r\n    <\/a>\r\n\r\n  <\/div>\r\n\r\n\r\n\r\n  <div class=\"content text-center   with_button \">\r\n    \r\n    <div class=\"hgroup\">\r\n       <h4 class=\"neutralize_links\">\r\n       TROUVER UN DOCTEUR\r\n       <\/h4>\r\n       <p>Tout notre staff par d\u00e9partement<\/p> \r\n    <\/div>\r\n\r\n    \r\n\r\n    <div class=\"link centered\">\r\n        <a href=\"http:\/\/ccva.ma\/notre-staff\/#docteurs\"  target=\"\" class=\"btn btn-xs btn-secondary\"><strong>CONSULTER<\/strong><\/a>\r\n    <\/div>\r\n\r\n  <\/div>\r\n\r\n<\/div>\r\n\r\n<!-- END======================= TEASER BOX ==========================-->\n                <\/div>\n            <\/div>\n            <div class=\"wpb_column vc_column_container col-sm-3 col-xs-6 skincolored_section vc_custom_1447875797423\">\n                <div class=\"wpb_wrapper\">\n<!-- ========================== TEASER BOX ==========================-->\r\n<div class=\"teaser_box wpb_content_element text-center  transparent boxed same_height_col  with_button    \">\r\n\r\n  <div class=\"figure transparent\">\r\n\r\n\r\n      <a href=\"http:\/\/ccva.ma\/contact\" debug title=\"\" target=\"\"> \r\n\r\n        \r\n        \r\n        \r\n         <img src=\"https:\/\/ccva.ma\/wp-content\/uploads\/2024\/05\/Untitled-design-2024-05-05T090956.248.png\" alt=\"DEMANDER UN RENDEZ-VOUS\">   \r\n\r\n        \r\n\r\n    <\/a>\r\n\r\n  <\/div>\r\n\r\n\r\n\r\n  <div class=\"content text-center   with_button \">\r\n    \r\n    <div class=\"hgroup\">\r\n       <h4 class=\"neutralize_links\">\r\n       DEMANDER UN RENDEZ-VOUS\r\n       <\/h4>\r\n       <p>Appelez-nous ou remplissez un formulaire<\/p> \r\n    <\/div>\r\n\r\n    \r\n\r\n    <div class=\"link centered\">\r\n        <a href=\"http:\/\/ccva.ma\/contact\"  target=\"\" class=\"btn btn-xs btn-secondary\"><strong>ACC\u00c9DER<\/strong><\/a>\r\n    <\/div>\r\n\r\n  <\/div>\r\n\r\n<\/div>\r\n\r\n<!-- END======================= TEASER BOX ==========================-->\n                <\/div>\n            <\/div>\n\t\t<\/div>\n<\/section>\n\n\n<section id=\"environnement-medical\" class=\"vc_row wpb_row vc_row-fluid no_padding\">\n\t\t<div class=\"row\">\n            <div style=\"background-image: url('https:\/\/ccva.ma\/wp-content\/uploads\/2020\/09\/clinic-Agdal.jpg')\" class=\"wpb_column vc_column_container col-sm-6 dark_section boxed_plus same_height_col vc_custom_1614038422953 bg_vcenter\">\n                <div class=\"wpb_wrapper\">\n\n                <\/div>\n            <\/div>\n            <div class=\"wpb_column vc_column_container col-sm-6 boxed_plus same_height_col\">\n                <div class=\"wpb_wrapper\">\n<div class=\"vc_empty_space\"   style=\"height: 64px\"><span class=\"vc_empty_space_inner\"><\/span><\/div><div class=\"vc_empty_space  hidden-xs\"   style=\"height: 64px\"><span class=\"vc_empty_space_inner\"><\/span><\/div><div class=\"section_header subtitle_bottom   vc_custom_1707689702473 fancy text-left\">\r\n\r\n    <h3 style=\"text-align: center;\">ENVIRONNEMENT MEDICAL<\/h3>\n\r\n\r\n        <p ><\/p>\r\n<\/div>\n\t<div class=\"wpb_text_column wpb_content_element \" >\n\t\t<div class=\"wpb_wrapper\">\n\t\t\t<p style=\"text-align: center;\">La clinique de chirurgie cardio-vasculaire de l\u2019Agdal se situe au sein de la Clinique de l\u2019Agdal, disposant d\u2019un plateau technique complet et op\u00e9rationnel. Les principales sp\u00e9cialit\u00e9s m\u00e9dico-chirurgicales (endocrinologie, radiologie, n\u00e9phrologie, gyn\u00e9cologie obst\u00e9trique, gastro-ent\u00e9rologie\u2026) y sont implant\u00e9es et permettent une prise en charge transversale et compl\u00e8te.<\/p>\n\n\t\t<\/div>\n\t<\/div>\n<div class=\"vc_empty_space\"   style=\"height: 64px\"><span class=\"vc_empty_space_inner\"><\/span><\/div>\n                <\/div>\n            <\/div>\n\t\t<\/div>\n<\/section>\n\n\n<section class=\"vc_row wpb_row vc_row-fluid\">\n\t\t<div class=\"row\">\n            <div class=\"wpb_column vc_column_container col-sm-12\">\n                <div class=\"wpb_wrapper\">\n\n\t<div  class=\"wpb_single_image wpb_content_element vc_align_center\">\n\t\t\n\t\t<figure class=\"wpb_wrapper vc_figure\">\n\t\t\t<div class=\"vc_single_image-wrapper   vc_box_border_grey\"><img width=\"680\" height=\"443\" src=\"https:\/\/ccva.ma\/wp-content\/uploads\/2024\/05\/2022-12-26.png\" class=\"vc_single_image-img attachment-full\" alt=\"\" decoding=\"async\" loading=\"lazy\" srcset=\"https:\/\/ccva.ma\/wp-content\/uploads\/2024\/05\/2022-12-26.png 680w, https:\/\/ccva.ma\/wp-content\/uploads\/2024\/05\/2022-12-26-300x195.png 300w, https:\/\/ccva.ma\/wp-content\/uploads\/2024\/05\/2022-12-26-18x12.png 18w\" sizes=\"(max-width: 680px) 100vw, 680px\" \/><\/div>\n\t\t<\/figure>\n\t<\/div>\n\n                <\/div>\n            <\/div>\n\t\t<\/div>\n<\/section>\n","protected":false},"excerpt":{"rendered":"BLOC OP\u00c9RATOIRE &nbsp; La Clinique de chirurgie cardio-vasculaire de l\u2019Agdal s\u2019est dot\u00e9e d\u2019un \u00e9quipement m\u00e9dical de pointe au bloc op\u00e9ratoire et des derni\u00e8res innovations techniques\u00a0: Pompe de circulation extra-corporelle (CEC) de derni\u00e8re g\u00e9n\u00e9ration Ballon de contre-pulsion intra-aortique Assistance ventriculaire de type ECMO Air conditionn\u00e9 \u00e0 flux laminaire et pression positive Monoxyde d\u2019azote Dispositifs implantables de [...]","protected":false},"author":1,"featured_media":2968,"parent":0,"menu_order":0,"comment_status":"closed","ping_status":"closed","template":"","meta":[],"yoast_head":"<!-- This site is optimized with the Yoast SEO plugin v19.13 - https:\/\/yoast.com\/wordpress\/plugins\/seo\/ -->\n<title>Plateau technique - Clinique de Chirurgie Cardio-Vasculaire Agdal<\/title>\n<meta name=\"robots\" content=\"index, follow, max-snippet:-1, max-image-preview:large, max-video-preview:-1\" \/>\n<link rel=\"canonical\" href=\"https:\/\/ccva.ma\/fr\/plateau-technique\/\" \/>\n<meta property=\"og:locale\" content=\"fr_FR\" \/>\n<meta property=\"og:type\" content=\"article\" \/>\n<meta property=\"og:title\" content=\"Plateau technique - Clinique de Chirurgie Cardio-Vasculaire Agdal\" \/>\n<meta property=\"og:url\" content=\"https:\/\/ccva.ma\/fr\/plateau-technique\/\" \/>\n<meta property=\"og:site_name\" content=\"Clinique de Chirurgie Cardio-Vasculaire Agdal\" \/>\n<meta property=\"article:publisher\" content=\"https:\/\/www.facebook.com\/CCVARabat\" \/>\n<meta property=\"article:modified_time\" content=\"2024-05-07T17:14:44+00:00\" \/>\n<meta property=\"og:image\" content=\"https:\/\/ccva.ma\/wp-content\/uploads\/2024\/05\/Design-sans-titre-1.jpg\" \/>\n\t<meta property=\"og:image:width\" content=\"1920\" \/>\n\t<meta property=\"og:image:height\" content=\"680\" \/>\n\t<meta property=\"og:image:type\" content=\"image\/jpeg\" \/>\n<meta name=\"twitter:card\" content=\"summary_large_image\" \/>\n<meta name=\"twitter:label1\" content=\"Dur\u00e9e de lecture estim\u00e9e\" \/>\n\t<meta name=\"twitter:data1\" content=\"3 minutes\" \/>\n<script type=\"application\/ld+json\" class=\"yoast-schema-graph\">{\"@context\":\"https:\/\/schema.org\",\"@graph\":[{\"@type\":\"WebPage\",\"@id\":\"https:\/\/ccva.ma\/fr\/plateau-technique\/\",\"url\":\"https:\/\/ccva.ma\/fr\/plateau-technique\/\",\"name\":\"Plateau technique - Clinique de Chirurgie Cardio-Vasculaire Agdal\",\"isPartOf\":{\"@id\":\"https:\/\/ccva.ma\/fr\/#website\"},\"datePublished\":\"2015-10-22T04:53:44+00:00\",\"dateModified\":\"2024-05-07T17:14:44+00:00\",\"breadcrumb\":{\"@id\":\"https:\/\/ccva.ma\/fr\/plateau-technique\/#breadcrumb\"},\"inLanguage\":\"fr-FR\",\"potentialAction\":[{\"@type\":\"ReadAction\",\"target\":[\"https:\/\/ccva.ma\/fr\/plateau-technique\/\"]}]},{\"@type\":\"BreadcrumbList\",\"@id\":\"https:\/\/ccva.ma\/fr\/plateau-technique\/#breadcrumb\",\"itemListElement\":[{\"@type\":\"ListItem\",\"position\":1,\"name\":\"Accueil\",\"item\":\"https:\/\/ccva.ma\/fr\/\"},{\"@type\":\"ListItem\",\"position\":2,\"name\":\"Plateau technique\"}]},{\"@type\":\"WebSite\",\"@id\":\"https:\/\/ccva.ma\/fr\/#website\",\"url\":\"https:\/\/ccva.ma\/fr\/\",\"name\":\"Clinique de Chirurgie Cardio-Vasculaire Agdal\",\"description\":\"CCVA\",\"publisher\":{\"@id\":\"https:\/\/ccva.ma\/fr\/#organization\"},\"potentialAction\":[{\"@type\":\"SearchAction\",\"target\":{\"@type\":\"EntryPoint\",\"urlTemplate\":\"https:\/\/ccva.ma\/fr\/?s={search_term_string}\"},\"query-input\":\"required name=search_term_string\"}],\"inLanguage\":\"fr-FR\"},{\"@type\":\"Organization\",\"@id\":\"https:\/\/ccva.ma\/fr\/#organization\",\"name\":\"Clinique de Chirurgie Cardio-Vasculaire Agdal\",\"url\":\"https:\/\/ccva.ma\/fr\/\",\"logo\":{\"@type\":\"ImageObject\",\"inLanguage\":\"fr-FR\",\"@id\":\"https:\/\/ccva.ma\/fr\/#\/schema\/logo\/image\/\",\"url\":\"https:\/\/ccva.ma\/wp-content\/uploads\/2023\/02\/Logo-Carre.jpg\",\"contentUrl\":\"https:\/\/ccva.ma\/wp-content\/uploads\/2023\/02\/Logo-Carre.jpg\",\"width\":1080,\"height\":1080,\"caption\":\"Clinique de Chirurgie Cardio-Vasculaire Agdal\"},\"image\":{\"@id\":\"https:\/\/ccva.ma\/fr\/#\/schema\/logo\/image\/\"},\"sameAs\":[\"https:\/\/www.facebook.com\/CCVARabat\"]}]}<\/script>\n<!-- \/ Yoast SEO plugin. -->","yoast_head_json":{"title":"Plateau technique - Clinique de Chirurgie Cardio-Vasculaire Agdal","robots":{"index":"index","follow":"follow","max-snippet":"max-snippet:-1","max-image-preview":"max-image-preview:large","max-video-preview":"max-video-preview:-1"},"canonical":"https:\/\/ccva.ma\/fr\/plateau-technique\/","og_locale":"fr_FR","og_type":"article","og_title":"Plateau technique - Clinique de Chirurgie Cardio-Vasculaire Agdal","og_url":"https:\/\/ccva.ma\/fr\/plateau-technique\/","og_site_name":"Clinique de Chirurgie Cardio-Vasculaire Agdal","article_publisher":"https:\/\/www.facebook.com\/CCVARabat","article_modified_time":"2024-05-07T17:14:44+00:00","og_image":[{"width":1920,"height":680,"url":"https:\/\/ccva.ma\/wp-content\/uploads\/2024\/05\/Design-sans-titre-1.jpg","type":"image\/jpeg"}],"twitter_card":"summary_large_image","twitter_misc":{"Dur\u00e9e de lecture estim\u00e9e":"3 minutes"},"schema":{"@context":"https:\/\/schema.org","@graph":[{"@type":"WebPage","@id":"https:\/\/ccva.ma\/fr\/plateau-technique\/","url":"https:\/\/ccva.ma\/fr\/plateau-technique\/","name":"Plateau technique - Clinique de Chirurgie Cardio-Vasculaire Agdal","isPartOf":{"@id":"https:\/\/ccva.ma\/fr\/#website"},"datePublished":"2015-10-22T04:53:44+00:00","dateModified":"2024-05-07T17:14:44+00:00","breadcrumb":{"@id":"https:\/\/ccva.ma\/fr\/plateau-technique\/#breadcrumb"},"inLanguage":"fr-FR","potentialAction":[{"@type":"ReadAction","target":["https:\/\/ccva.ma\/fr\/plateau-technique\/"]}]},{"@type":"BreadcrumbList","@id":"https:\/\/ccva.ma\/fr\/plateau-technique\/#breadcrumb","itemListElement":[{"@type":"ListItem","position":1,"name":"Accueil","item":"https:\/\/ccva.ma\/fr\/"},{"@type":"ListItem","position":2,"name":"Plateau technique"}]},{"@type":"WebSite","@id":"https:\/\/ccva.ma\/fr\/#website","url":"https:\/\/ccva.ma\/fr\/","name":"Clinique de Chirurgie Cardio-Vasculaire Agdal","description":"CCVA","publisher":{"@id":"https:\/\/ccva.ma\/fr\/#organization"},"potentialAction":[{"@type":"SearchAction","target":{"@type":"EntryPoint","urlTemplate":"https:\/\/ccva.ma\/fr\/?s={search_term_string}"},"query-input":"required name=search_term_string"}],"inLanguage":"fr-FR"},{"@type":"Organization","@id":"https:\/\/ccva.ma\/fr\/#organization","name":"Clinique de Chirurgie Cardio-Vasculaire Agdal","url":"https:\/\/ccva.ma\/fr\/","logo":{"@type":"ImageObject","inLanguage":"fr-FR","@id":"https:\/\/ccva.ma\/fr\/#\/schema\/logo\/image\/","url":"https:\/\/ccva.ma\/wp-content\/uploads\/2023\/02\/Logo-Carre.jpg","contentUrl":"https:\/\/ccva.ma\/wp-content\/uploads\/2023\/02\/Logo-Carre.jpg","width":1080,"height":1080,"caption":"Clinique de Chirurgie Cardio-Vasculaire Agdal"},"image":{"@id":"https:\/\/ccva.ma\/fr\/#\/schema\/logo\/image\/"},"sameAs":["https:\/\/www.facebook.com\/CCVARabat"]}]}},"_links":{"self":[{"href":"https:\/\/ccva.ma\/fr\/wp-json\/wp\/v2\/pages\/532"}],"collection":[{"href":"https:\/\/ccva.ma\/fr\/wp-json\/wp\/v2\/pages"}],"about":[{"href":"https:\/\/ccva.ma\/fr\/wp-json\/wp\/v2\/types\/page"}],"author":[{"embeddable":true,"href":"https:\/\/ccva.ma\/fr\/wp-json\/wp\/v2\/users\/1"}],"replies":[{"embeddable":true,"href":"https:\/\/ccva.ma\/fr\/wp-json\/wp\/v2\/comments?post=532"}],"version-history":[{"count":23,"href":"https:\/\/ccva.ma\/fr\/wp-json\/wp\/v2\/pages\/532\/revisions"}],"predecessor-version":[{"id":3006,"href":"https:\/\/ccva.ma\/fr\/wp-json\/wp\/v2\/pages\/532\/revisions\/3006"}],"wp:featuredmedia":[{"embeddable":true,"href":"https:\/\/ccva.ma\/fr\/wp-json\/wp\/v2\/media\/2968"}],"wp:attachment":[{"href":"https:\/\/ccva.ma\/fr\/wp-json\/wp\/v2\/media?parent=532"}],"curies":[{"name":"wp","href":"https:\/\/api.w.org\/{rel}","templated":true}]}}